{"id":876,"date":"2021-03-13T21:53:44","date_gmt":"2021-03-13T21:53:44","guid":{"rendered":"https:\/\/rotinaspiscinas.pt\/?post_type=product&#038;p=876"},"modified":"2021-03-13T21:53:44","modified_gmt":"2021-03-13T21:53:44","slug":"griffon-lubrit-all-lubrificante","status":"publish","type":"product","link":"https:\/\/rotinaspiscinas.pt\/index.php\/product\/griffon-lubrit-all-lubrificante\/","title":{"rendered":"GRIFFON : LUBRIT-ALL\u00ae Lubrificante"},"content":{"rendered":"<p>Agente de manuten\u00e7\u00e3o multifuncional para lubrifica\u00e7\u00e3o, prote\u00e7\u00e3o, limpeza e desbloqueio em 1001 aplica\u00e7\u00f5es.<\/p>\n<p>Embalagem de 300 ml (12un)<\/p>\n","protected":false},"excerpt":{"rendered":"<p>Agente de manuten\u00e7\u00e3o multifuncional para lubrifica\u00e7\u00e3o, prote\u00e7\u00e3o, limpeza e desbloqueio [&hellip;]<\/p>\n","protected":false},"featured_media":879,"template":"","meta":[],"_links":{"self":[{"href":"https:\/\/rotinaspiscinas.pt\/index.php\/wp-json\/wp\/v2\/product\/876"}],"collection":[{"href":"https:\/\/rotinaspiscinas.pt\/index.php\/wp-json\/wp\/v2\/product"}],"about":[{"href":"https:\/\/rotinaspiscinas.pt\/index.php\/wp-json\/wp\/v2\/types\/product"}],"wp:featuredmedia":[{"embeddable":true,"href":"https:\/\/rotinaspiscinas.pt\/index.php\/wp-json\/wp\/v2\/media\/879"}],"wp:attachment":[{"href":"https:\/\/rotinaspiscinas.pt\/index.php\/wp-json\/wp\/v2\/media?parent=876"}],"curies":[{"name":"wp","href":"https:\/\/api.w.org\/{rel}","templated":true}]}}