{"id":878,"date":"2021-03-13T21:54:39","date_gmt":"2021-03-13T21:54:39","guid":{"rendered":"https:\/\/rotinaspiscinas.pt\/?post_type=product&#038;p=878"},"modified":"2021-03-13T21:54:39","modified_gmt":"2021-03-13T21:54:39","slug":"griffon-cola-em-spray","status":"publish","type":"product","link":"https:\/\/rotinaspiscinas.pt\/index.php\/product\/griffon-cola-em-spray\/","title":{"rendered":"GRIFFON : Cola em spray"},"content":{"rendered":"<p>UHU Cola em Spray 3 em 1 \u00e9 uma cola universal para colagem de grandes superf\u00edcies.<\/p>\n<p>Cola alternativamente de forma permanente, reposicion\u00e1vel ou remov\u00edvel. Adequada para colagem de v\u00e1rios materiais, tamb\u00e9m adequada para Styrofoam\u00ae (esferovite). Padr\u00e3o de dispers\u00e3o uniforme &#8211; aplica\u00e7\u00e3o de cola poderosa. V\u00e1lvula de dispers\u00e3o antientupimento.<\/p>\n<p>Aplica\u00e7\u00e3o:<\/p>\n<ul>\n<li>Para colar papel, cart\u00e3o, colagens, chapas met\u00e1licas, cabedal, feltro, pl\u00e1sticos, t\u00eaxteis, esferovite e outros materiais, tais como madeira, cer\u00e2mica, vidro, etc.<\/li>\n<li>N\u00e3o adequada para PE, PP.<\/li>\n<\/ul>\n","protected":false},"excerpt":{"rendered":"<p>UHU Cola em Spray 3 em 1 \u00e9 uma cola [&hellip;]<\/p>\n","protected":false},"featured_media":880,"template":"","meta":[],"_links":{"self":[{"href":"https:\/\/rotinaspiscinas.pt\/index.php\/wp-json\/wp\/v2\/product\/878"}],"collection":[{"href":"https:\/\/rotinaspiscinas.pt\/index.php\/wp-json\/wp\/v2\/product"}],"about":[{"href":"https:\/\/rotinaspiscinas.pt\/index.php\/wp-json\/wp\/v2\/types\/product"}],"wp:featuredmedia":[{"embeddable":true,"href":"https:\/\/rotinaspiscinas.pt\/index.php\/wp-json\/wp\/v2\/media\/880"}],"wp:attachment":[{"href":"https:\/\/rotinaspiscinas.pt\/index.php\/wp-json\/wp\/v2\/media?parent=878"}],"curies":[{"name":"wp","href":"https:\/\/api.w.org\/{rel}","templated":true}]}}