{"id":881,"date":"2021-03-13T21:55:16","date_gmt":"2021-03-13T21:55:16","guid":{"rendered":"https:\/\/rotinaspiscinas.pt\/?post_type=product&#038;p=881"},"modified":"2021-03-13T21:55:16","modified_gmt":"2021-03-13T21:55:16","slug":"griffon-cola-contato","status":"publish","type":"product","link":"https:\/\/rotinaspiscinas.pt\/index.php\/product\/griffon-cola-contato\/","title":{"rendered":"GRIFFON : Cola contato"},"content":{"rendered":"<p>Adesivo de contato l\u00edquido, arom\u00e1tico, universal, \u00e0 base de borracha de neoprene.<\/p>\n<p>Aplica\u00e7\u00e3o:<\/p>\n<ul>\n<li>Altamente adequado para colagem e lamina\u00e7\u00e3o de metal e painel sint\u00e9tico duro placas (HPL; f\u00f3rmica, duropal, resopal), folheado, cart\u00e3o e contraplacado sobre, por exemplo, madeira, compensado multiplex, aglomerado ou MDF.<\/li>\n<li>Tamb\u00e9m para colar materiais de espuma e isolamento flex\u00edveis, corti\u00e7a, couro e borracha. N\u00e3o \u00e9 adequado para espuma de PE, PP, PTFE e poliestireno (isomo).<\/li>\n<\/ul>\n","protected":false},"excerpt":{"rendered":"<p>Adesivo de contato l\u00edquido, arom\u00e1tico, universal, \u00e0 base de borracha [&hellip;]<\/p>\n","protected":false},"featured_media":883,"template":"","meta":[],"_links":{"self":[{"href":"https:\/\/rotinaspiscinas.pt\/index.php\/wp-json\/wp\/v2\/product\/881"}],"collection":[{"href":"https:\/\/rotinaspiscinas.pt\/index.php\/wp-json\/wp\/v2\/product"}],"about":[{"href":"https:\/\/rotinaspiscinas.pt\/index.php\/wp-json\/wp\/v2\/types\/product"}],"wp:featuredmedia":[{"embeddable":true,"href":"https:\/\/rotinaspiscinas.pt\/index.php\/wp-json\/wp\/v2\/media\/883"}],"wp:attachment":[{"href":"https:\/\/rotinaspiscinas.pt\/index.php\/wp-json\/wp\/v2\/media?parent=881"}],"curies":[{"name":"wp","href":"https:\/\/api.w.org\/{rel}","templated":true}]}}