{"id":882,"date":"2021-03-13T21:56:26","date_gmt":"2021-03-13T21:56:26","guid":{"rendered":"https:\/\/rotinaspiscinas.pt\/?post_type=product&#038;p=882"},"modified":"2021-03-13T21:56:26","modified_gmt":"2021-03-13T21:56:26","slug":"griffon-adesivo-de-montagem-poly-max","status":"publish","type":"product","link":"https:\/\/rotinaspiscinas.pt\/index.php\/product\/griffon-adesivo-de-montagem-poly-max\/","title":{"rendered":"GRIFFON : Adesivo de montagem POLY MAX"},"content":{"rendered":"<p>Adesivo de montagem sem solvente, \u00e0 base de SMP-Polymer com alta inicial for\u00e7a de uni\u00e3o e ganho de for\u00e7a muito r\u00e1pido. Excelente para materiais pesados.<\/p>\n<p>Campo de aplica\u00e7\u00e3o<\/p>\n<ul>\n<li>Para colar e fixar muitos materiais de constru\u00e7\u00e3o em praticamente todas as superf\u00edcies, madeira, gesso, pedra (natural), concreto (celular), metal, espuma dura e v\u00e1rios pl\u00e1sticos.<\/li>\n<li>Adequado para aplica\u00e7\u00f5es internas e externas, como pain\u00e9is, elementos de teto, pain\u00e9is de teto, pain\u00e9is e material de isolamento, espelhos, estrutura de madeira, rodap\u00e9s e ripas.<\/li>\n<li>Para todas as aplica\u00e7\u00f5es profissionais, incluindo constru\u00e7\u00e3o de paredes e interiores, casas, constru\u00e7\u00e3o de utilidades e carro\u00e7aria. N\u00e3o \u00e9 adequado para PE, PP, PTFE, gesso puro e betume. Ao colar pl\u00e1sticos, realize sempre um teste de ader\u00eancia primeiro. A ades\u00e3o de pl\u00e1sticos pode variar dependendo do tipo de material sint\u00e9tico e da qualidade do pl\u00e1stico.<\/li>\n<\/ul>\n<p>Propriedades<\/p>\n<ul>\n<li>For\u00e7a de uni\u00e3o inicial muito alta<\/li>\n<li>Ganho de for\u00e7a muito r\u00e1pido<\/li>\n<li>Permanentemente el\u00e1stico<\/li>\n<li>Muito boa capacidade de enchimento<\/li>\n<li>Bom poder permanente<\/li>\n<li>N\u00e3o encolhendo; 100% adesivo<\/li>\n<li>Isento de solventes<\/li>\n<li>Sem sujidade nas arestas das juntas<\/li>\n<li>Resistente a qualquer tempo<\/li>\n<li>Resistente a temperaturas entre -40 \u00b0 C e + 100 \u00b0 C<\/li>\n<li>Pint\u00e1vel<\/li>\n<\/ul>\n","protected":false},"excerpt":{"rendered":"<p>Adesivo de montagem sem solvente, \u00e0 base de SMP-Polymer com [&hellip;]<\/p>\n","protected":false},"featured_media":884,"template":"","meta":[],"_links":{"self":[{"href":"https:\/\/rotinaspiscinas.pt\/index.php\/wp-json\/wp\/v2\/product\/882"}],"collection":[{"href":"https:\/\/rotinaspiscinas.pt\/index.php\/wp-json\/wp\/v2\/product"}],"about":[{"href":"https:\/\/rotinaspiscinas.pt\/index.php\/wp-json\/wp\/v2\/types\/product"}],"wp:featuredmedia":[{"embeddable":true,"href":"https:\/\/rotinaspiscinas.pt\/index.php\/wp-json\/wp\/v2\/media\/884"}],"wp:attachment":[{"href":"https:\/\/rotinaspiscinas.pt\/index.php\/wp-json\/wp\/v2\/media?parent=882"}],"curies":[{"name":"wp","href":"https:\/\/api.w.org\/{rel}","templated":true}]}}