{"id":892,"date":"2021-03-13T21:59:02","date_gmt":"2021-03-13T21:59:02","guid":{"rendered":"https:\/\/rotinaspiscinas.pt\/?post_type=product&#038;p=892"},"modified":"2021-03-13T21:59:02","modified_gmt":"2021-03-13T21:59:02","slug":"controlador-superpool","status":"publish","type":"product","link":"https:\/\/rotinaspiscinas.pt\/index.php\/product\/controlador-superpool\/","title":{"rendered":"CONTROLADOR SUPERPOOL"},"content":{"rendered":"<ul>\n<li>A alimenta\u00e7\u00e3o da caixa de controlo, no seu m\u00e1ximo de 600 W AC, \u00e9 dividida em 2 linhas. Sendo que cada uma pode suportar at\u00e9 300 W de carga (cerca de 10 luzes LED)<\/li>\n<li>O controlo das luzes na mesma linha est\u00e1, por natureza, sincronizado. Enquanto que a sincroniza\u00e7\u00e3o do controlo sobre as duas linhas (todas as luzes) \u00e9 tamb\u00e9m poss\u00edvel.<\/li>\n<\/ul>\n","protected":false},"excerpt":{"rendered":"<p>A alimenta\u00e7\u00e3o da caixa de controlo, no seu m\u00e1ximo de [&hellip;]<\/p>\n","protected":false},"featured_media":895,"template":"","meta":[],"_links":{"self":[{"href":"https:\/\/rotinaspiscinas.pt\/index.php\/wp-json\/wp\/v2\/product\/892"}],"collection":[{"href":"https:\/\/rotinaspiscinas.pt\/index.php\/wp-json\/wp\/v2\/product"}],"about":[{"href":"https:\/\/rotinaspiscinas.pt\/index.php\/wp-json\/wp\/v2\/types\/product"}],"wp:featuredmedia":[{"embeddable":true,"href":"https:\/\/rotinaspiscinas.pt\/index.php\/wp-json\/wp\/v2\/media\/895"}],"wp:attachment":[{"href":"https:\/\/rotinaspiscinas.pt\/index.php\/wp-json\/wp\/v2\/media?parent=892"}],"curies":[{"name":"wp","href":"https:\/\/api.w.org\/{rel}","templated":true}]}}