{"id":900,"date":"2021-03-13T22:01:03","date_gmt":"2021-03-13T22:01:03","guid":{"rendered":"https:\/\/rotinaspiscinas.pt\/?post_type=product&#038;p=900"},"modified":"2021-03-13T22:01:04","modified_gmt":"2021-03-13T22:01:04","slug":"led-colorlogic-3-e-crystalogic-hayward","status":"publish","type":"product","link":"https:\/\/rotinaspiscinas.pt\/index.php\/product\/led-colorlogic-3-e-crystalogic-hayward\/","title":{"rendered":"LED COLORLOGIC 3 E CRYSTALOGIC HAYWARD"},"content":{"rendered":"<p>A gama de projetores LED que associa est\u00e9tica e<br \/>\neconomia de energia.<\/p>\n<ul>\n<li>Longa vida \u00fatil<\/li>\n<li>Baixo consumo el\u00e9trico<\/li>\n<li>Nicho inclu\u00eddo<\/li>\n<li>Ilumina\u00e7\u00e3o forte: equipado com led de alta intensidade especialmente desenvolvidos para iluminar, ir\u00e3o difundir uma luz intensa.<\/li>\n<li>Econ\u00f3mico: gra\u00e7as \u00e0 sua tecnologia o seu consumo \u00e9 muito inferior ao de um projetor comum (cerca de 10 vezes menos)<\/li>\n<li>Dur\u00e1vel: a sua conce\u00e7\u00e3o garante-lhe uma durabilidade excepcional (cerca de 30 000 horas), resistindo \u00e0s intemp\u00e9ries e \u00e0 agress\u00e3o dos produtos qu\u00edmicos de tratamento da \u00e1gua.<\/li>\n<\/ul>\n","protected":false},"excerpt":{"rendered":"<p>A gama de projetores LED que associa est\u00e9tica e economia [&hellip;]<\/p>\n","protected":false},"featured_media":901,"template":"","meta":[],"_links":{"self":[{"href":"https:\/\/rotinaspiscinas.pt\/index.php\/wp-json\/wp\/v2\/product\/900"}],"collection":[{"href":"https:\/\/rotinaspiscinas.pt\/index.php\/wp-json\/wp\/v2\/product"}],"about":[{"href":"https:\/\/rotinaspiscinas.pt\/index.php\/wp-json\/wp\/v2\/types\/product"}],"wp:featuredmedia":[{"embeddable":true,"href":"https:\/\/rotinaspiscinas.pt\/index.php\/wp-json\/wp\/v2\/media\/901"}],"wp:attachment":[{"href":"https:\/\/rotinaspiscinas.pt\/index.php\/wp-json\/wp\/v2\/media?parent=900"}],"curies":[{"name":"wp","href":"https:\/\/api.w.org\/{rel}","templated":true}]}}