{"id":903,"date":"2021-03-13T22:01:31","date_gmt":"2021-03-13T22:01:31","guid":{"rendered":"https:\/\/rotinaspiscinas.pt\/?post_type=product&#038;p=903"},"modified":"2021-03-13T22:01:31","modified_gmt":"2021-03-13T22:01:31","slug":"projetores-mini-led-colorlogic-ii","status":"publish","type":"product","link":"https:\/\/rotinaspiscinas.pt\/index.php\/product\/projetores-mini-led-colorlogic-ii\/","title":{"rendered":"PROJETORES MINI LED COLORLOGIC II"},"content":{"rendered":"<p>Conhe\u00e7a os mini leds Colorlogic II<\/p>\n<ul>\n<li>Longa dura\u00e7\u00e3o<\/li>\n<li>Baixo consumo<\/li>\n<li>Adapt\u00e1veis ao mercado da renova\u00e7\u00e3o e\/ou constru\u00e7\u00e3o<\/li>\n<li>Iluminam partes espec\u00edficas como escadas ou spas<\/li>\n<li>Adequados a qualquer tipo de piscina (liner, bet\u00e3o,\u2026)<\/li>\n<\/ul>\n","protected":false},"excerpt":{"rendered":"<p>Conhe\u00e7a os mini leds Colorlogic II Longa dura\u00e7\u00e3o Baixo consumo [&hellip;]<\/p>\n","protected":false},"featured_media":906,"template":"","meta":[],"_links":{"self":[{"href":"https:\/\/rotinaspiscinas.pt\/index.php\/wp-json\/wp\/v2\/product\/903"}],"collection":[{"href":"https:\/\/rotinaspiscinas.pt\/index.php\/wp-json\/wp\/v2\/product"}],"about":[{"href":"https:\/\/rotinaspiscinas.pt\/index.php\/wp-json\/wp\/v2\/types\/product"}],"wp:featuredmedia":[{"embeddable":true,"href":"https:\/\/rotinaspiscinas.pt\/index.php\/wp-json\/wp\/v2\/media\/906"}],"wp:attachment":[{"href":"https:\/\/rotinaspiscinas.pt\/index.php\/wp-json\/wp\/v2\/media?parent=903"}],"curies":[{"name":"wp","href":"https:\/\/api.w.org\/{rel}","templated":true}]}}