{"id":907,"date":"2021-03-13T22:07:24","date_gmt":"2021-03-13T22:07:24","guid":{"rendered":"https:\/\/rotinaspiscinas.pt\/?post_type=product&#038;p=907"},"modified":"2021-03-13T22:07:25","modified_gmt":"2021-03-13T22:07:25","slug":"projetor-mid-brio","status":"publish","type":"product","link":"https:\/\/rotinaspiscinas.pt\/index.php\/product\/projetor-mid-brio\/","title":{"rendered":"PROJETOR MID-BRIO"},"content":{"rendered":"<p><strong>Nova gera\u00e7\u00e3o de luzes que s\u00e3o mais compactas, mais potentes e com um \u00e2ngulo de feixe de luz mais largo<\/strong><\/p>\n<p>Ilumine as suas piscinas com uma luz que tem um di\u00e2metro de apenas 75 mm e entrega 2.400 l\u00famen.<\/p>\n<ul>\n<li>Encaixa-se em tomadas de v\u00e1cuo de 1,5\u2019\u2019 e oferece um feixe de luz \u00e2ngulo at\u00e9 160\u00b0: sem mais pontos escuros na piscina!<\/li>\n<li>Compat\u00edvel com todos os revestimentos de piscina. Op\u00e7\u00e3o Nicho.<\/li>\n<li>Com cabo de 3 metros.<\/li>\n<li>Mid-BRiO tem uma luz impressionante com um \u00e2ngulo de<br \/>\nfeixe at\u00e9 160\u00b0.<\/li>\n<li>Enquanto que outras luzes difundem 120\u00b0, o Mid-BRiO<br \/>\nilumina mais a piscina entregando ilumina\u00e7\u00e3o de alto<br \/>\ndesempenho com quase nenhuma \u00e1rea n\u00e3o iluminada.<\/li>\n<\/ul>\n","protected":false},"excerpt":{"rendered":"<p>Nova gera\u00e7\u00e3o de luzes que s\u00e3o mais compactas, mais potentes [&hellip;]<\/p>\n","protected":false},"featured_media":909,"template":"","meta":[],"_links":{"self":[{"href":"https:\/\/rotinaspiscinas.pt\/index.php\/wp-json\/wp\/v2\/product\/907"}],"collection":[{"href":"https:\/\/rotinaspiscinas.pt\/index.php\/wp-json\/wp\/v2\/product"}],"about":[{"href":"https:\/\/rotinaspiscinas.pt\/index.php\/wp-json\/wp\/v2\/types\/product"}],"wp:featuredmedia":[{"embeddable":true,"href":"https:\/\/rotinaspiscinas.pt\/index.php\/wp-json\/wp\/v2\/media\/909"}],"wp:attachment":[{"href":"https:\/\/rotinaspiscinas.pt\/index.php\/wp-json\/wp\/v2\/media?parent=907"}],"curies":[{"name":"wp","href":"https:\/\/api.w.org\/{rel}","templated":true}]}}