{"id":908,"date":"2021-03-13T22:07:21","date_gmt":"2021-03-13T22:07:21","guid":{"rendered":"https:\/\/rotinaspiscinas.pt\/?post_type=product&#038;p=908"},"modified":"2021-03-13T22:07:21","modified_gmt":"2021-03-13T22:07:21","slug":"projetores-mini-led-brio","status":"publish","type":"product","link":"https:\/\/rotinaspiscinas.pt\/index.php\/product\/projetores-mini-led-brio\/","title":{"rendered":"Projetores MINI LED BRIO"},"content":{"rendered":"<p>Projetor de LED mini, compat\u00edvel adapt\u00e1vel a uma qualquer tomada de v\u00e1cuo de piscina de bet\u00e3o, liner ou pain\u00e9is.<\/p>\n<ul>\n<li>Compat\u00edvel com mini nichos Astral, com adaptador especial<\/li>\n<li>Design \u00e0 face da parede<\/li>\n<li>Personaliza\u00e7\u00e3o do aro de acabamento: Branco, antracite, cinza ou a\u00e7o inox 316<\/li>\n<li>Op\u00e7\u00e3o nicho<\/li>\n<li>Para enroscar em passamuros de 1,5\u2019\u2019<\/li>\n<li>Com cabo de 3 metros<\/li>\n<\/ul>\n","protected":false},"excerpt":{"rendered":"<p>Projetor de LED mini, compat\u00edvel adapt\u00e1vel a uma qualquer tomada [&hellip;]<\/p>\n","protected":false},"featured_media":911,"template":"","meta":[],"_links":{"self":[{"href":"https:\/\/rotinaspiscinas.pt\/index.php\/wp-json\/wp\/v2\/product\/908"}],"collection":[{"href":"https:\/\/rotinaspiscinas.pt\/index.php\/wp-json\/wp\/v2\/product"}],"about":[{"href":"https:\/\/rotinaspiscinas.pt\/index.php\/wp-json\/wp\/v2\/types\/product"}],"wp:featuredmedia":[{"embeddable":true,"href":"https:\/\/rotinaspiscinas.pt\/index.php\/wp-json\/wp\/v2\/media\/911"}],"wp:attachment":[{"href":"https:\/\/rotinaspiscinas.pt\/index.php\/wp-json\/wp\/v2\/media?parent=908"}],"curies":[{"name":"wp","href":"https:\/\/api.w.org\/{rel}","templated":true}]}}