{"id":918,"date":"2021-03-14T13:53:18","date_gmt":"2021-03-14T13:53:18","guid":{"rendered":"https:\/\/rotinaspiscinas.pt\/?post_type=product&#038;p=918"},"modified":"2021-03-14T13:53:18","modified_gmt":"2021-03-14T13:53:18","slug":"projetores-mini-led-spotie","status":"publish","type":"product","link":"https:\/\/rotinaspiscinas.pt\/index.php\/product\/projetores-mini-led-spotie\/","title":{"rendered":"PROJETORES MINI LED SPOTIE"},"content":{"rendered":"<p>(Compativel com o modelo Design Superpool)<\/p>\n<p>Gama completa de mini projetores LED para spas, piscinas, espelhos de \u00e1gua e outros. Para renova\u00e7\u00e3o ou constru\u00e7\u00e3o.<\/p>\n<ul>\n<li>Fixa\u00e7\u00e3o em rosca f\u00eamea 1 \u00bd\u201d ou tomada de v\u00e1cuo.<\/li>\n<li>Entregue com cabo (comprimento: 2,4 m).<\/li>\n<li>100% isolado com resina<\/li>\n<li>2 vers\u00f5es: 3 LED branco ou 9 LED RGB (compat\u00edvel com projetores gama Design).<\/li>\n<li>Espelho inclu\u00eddo em ABS branco, mas possibilidade de personaliza\u00e7\u00e3o do espelho de acabamento<\/li>\n<\/ul>\n","protected":false},"excerpt":{"rendered":"<p>(Compativel com o modelo Design Superpool) Gama completa de mini [&hellip;]<\/p>\n","protected":false},"featured_media":919,"template":"","meta":[],"_links":{"self":[{"href":"https:\/\/rotinaspiscinas.pt\/index.php\/wp-json\/wp\/v2\/product\/918"}],"collection":[{"href":"https:\/\/rotinaspiscinas.pt\/index.php\/wp-json\/wp\/v2\/product"}],"about":[{"href":"https:\/\/rotinaspiscinas.pt\/index.php\/wp-json\/wp\/v2\/types\/product"}],"wp:featuredmedia":[{"embeddable":true,"href":"https:\/\/rotinaspiscinas.pt\/index.php\/wp-json\/wp\/v2\/media\/919"}],"wp:attachment":[{"href":"https:\/\/rotinaspiscinas.pt\/index.php\/wp-json\/wp\/v2\/media?parent=918"}],"curies":[{"name":"wp","href":"https:\/\/api.w.org\/{rel}","templated":true}]}}