{"id":921,"date":"2021-03-14T13:54:44","date_gmt":"2021-03-14T13:54:44","guid":{"rendered":"https:\/\/rotinaspiscinas.pt\/?post_type=product&#038;p=921"},"modified":"2021-03-14T13:54:45","modified_gmt":"2021-03-14T13:54:45","slug":"projetores-nikita","status":"publish","type":"product","link":"https:\/\/rotinaspiscinas.pt\/index.php\/product\/projetores-nikita\/","title":{"rendered":"PROJETORES NIKITA"},"content":{"rendered":"<p>Projetor universal modelo extra plano num suporte mural<\/p>\n<ul>\n<li>3 ilumina\u00e7\u00f5es dispon\u00edveis: branco frio, branco quente, RGB+W<\/li>\n<li>Embelezadores personaliz\u00e1veis &#8211; 4 cores ABS ou inox 316L<\/li>\n<\/ul>\n","protected":false},"excerpt":{"rendered":"<p>Projetor universal modelo extra plano num suporte mural 3 ilumina\u00e7\u00f5es [&hellip;]<\/p>\n","protected":false},"featured_media":924,"template":"","meta":[],"_links":{"self":[{"href":"https:\/\/rotinaspiscinas.pt\/index.php\/wp-json\/wp\/v2\/product\/921"}],"collection":[{"href":"https:\/\/rotinaspiscinas.pt\/index.php\/wp-json\/wp\/v2\/product"}],"about":[{"href":"https:\/\/rotinaspiscinas.pt\/index.php\/wp-json\/wp\/v2\/types\/product"}],"wp:featuredmedia":[{"embeddable":true,"href":"https:\/\/rotinaspiscinas.pt\/index.php\/wp-json\/wp\/v2\/media\/924"}],"wp:attachment":[{"href":"https:\/\/rotinaspiscinas.pt\/index.php\/wp-json\/wp\/v2\/media?parent=921"}],"curies":[{"name":"wp","href":"https:\/\/api.w.org\/{rel}","templated":true}]}}