{"id":929,"date":"2021-03-14T13:57:20","date_gmt":"2021-03-14T13:57:20","guid":{"rendered":"https:\/\/rotinaspiscinas.pt\/?post_type=product&#038;p=929"},"modified":"2021-03-14T13:57:20","modified_gmt":"2021-03-14T13:57:20","slug":"asys-leds-controlo-remoto","status":"publish","type":"product","link":"https:\/\/rotinaspiscinas.pt\/index.php\/product\/asys-leds-controlo-remoto\/","title":{"rendered":"ASYS LEDS Controlo Remoto"},"content":{"rendered":"<p>Nova tecnologia de controlo Bluetooth para sistemas de ilumina\u00e7\u00e3o de<br \/>\nprodutos regul\u00e1veis ou tradicionais (at\u00e9 10 l\u00e2mpadas).<\/p>\n<ul>\n<li>Consiste numa caixa de controlo e numa aplica\u00e7\u00e3o que permite o controlo das luzes.<\/li>\n<li>F\u00e1cil de instalar e intuitivo de utilizar.<\/li>\n<li>Controlado remotamente pelo smartphone (n\u00e3o necessita telecomando)<\/li>\n<li>Controlado diretamente na caixa ou via um smartphone.<\/li>\n<li>Personaliza\u00e7\u00e3o de programas e cores<\/li>\n<\/ul>\n<p>&nbsp;<\/p>\n<p><strong>APP Gr\u00e1tis<\/strong><\/p>\n<ul>\n<li>2 sa\u00eddas independentes para projetores,<\/li>\n<li>Controla at\u00e9 10 lampadas (M\u00e1x 360 W),<\/li>\n<li>Personaliza\u00e7\u00e3o de programas,<\/li>\n<li>Circuitos separados, sob pedido.<\/li>\n<\/ul>\n<p>&nbsp;<\/p>\n<p><strong>Principais Fun\u00e7\u00f5es:<\/strong><\/p>\n<ul>\n<li>Calend\u00e1rio (7 dias, intervalo de tempo),<\/li>\n<li>Temporizador (contagem regressiva),<\/li>\n<li>15 programas pr\u00e9-instalados \u00e0 sua escolha,<\/li>\n<li>Desligar autom\u00e1tico,<\/li>\n<li>Controlo de cores diretamente,<\/li>\n<li>Escurecimento da intensidade da luz,<\/li>\n<li>Informa\u00e7\u00e3o de feedback e sincroniza\u00e7\u00e3o.<\/li>\n<\/ul>\n","protected":false},"excerpt":{"rendered":"<p>Nova tecnologia de controlo Bluetooth para sistemas de ilumina\u00e7\u00e3o de [&hellip;]<\/p>\n","protected":false},"featured_media":932,"template":"","meta":[],"_links":{"self":[{"href":"https:\/\/rotinaspiscinas.pt\/index.php\/wp-json\/wp\/v2\/product\/929"}],"collection":[{"href":"https:\/\/rotinaspiscinas.pt\/index.php\/wp-json\/wp\/v2\/product"}],"about":[{"href":"https:\/\/rotinaspiscinas.pt\/index.php\/wp-json\/wp\/v2\/types\/product"}],"wp:featuredmedia":[{"embeddable":true,"href":"https:\/\/rotinaspiscinas.pt\/index.php\/wp-json\/wp\/v2\/media\/932"}],"wp:attachment":[{"href":"https:\/\/rotinaspiscinas.pt\/index.php\/wp-json\/wp\/v2\/media?parent=929"}],"curies":[{"name":"wp","href":"https:\/\/api.w.org\/{rel}","templated":true}]}}