{"id":931,"date":"2021-03-14T14:10:00","date_gmt":"2021-03-14T14:10:00","guid":{"rendered":"https:\/\/rotinaspiscinas.pt\/?post_type=product&#038;p=931"},"modified":"2021-03-14T14:10:01","modified_gmt":"2021-03-14T14:10:01","slug":"barreiras-de-protecao-em-acrilico","status":"publish","type":"product","link":"https:\/\/rotinaspiscinas.pt\/index.php\/product\/barreiras-de-protecao-em-acrilico\/","title":{"rendered":"Barreiras de Prote\u00e7\u00e3o em acrilico"},"content":{"rendered":"<ul>\n<li>Pain\u00e9is em PMMA de 6mm pr\u00e9 montados na f\u00e1brica.<\/li>\n<li>Perfis em alum\u00ednio lacado a branco mate com 1.22mt de altura.<\/li>\n<li>Parafusos de fixa\u00e7\u00e3o n\u00e3o inclu\u00eddos &#8211; utilizar 2 por cada poste<\/li>\n<\/ul>\n","protected":false},"excerpt":{"rendered":"<p>Pain\u00e9is em PMMA de 6mm pr\u00e9 montados na f\u00e1brica. Perfis [&hellip;]<\/p>\n","protected":false},"featured_media":937,"template":"","meta":[],"_links":{"self":[{"href":"https:\/\/rotinaspiscinas.pt\/index.php\/wp-json\/wp\/v2\/product\/931"}],"collection":[{"href":"https:\/\/rotinaspiscinas.pt\/index.php\/wp-json\/wp\/v2\/product"}],"about":[{"href":"https:\/\/rotinaspiscinas.pt\/index.php\/wp-json\/wp\/v2\/types\/product"}],"wp:featuredmedia":[{"embeddable":true,"href":"https:\/\/rotinaspiscinas.pt\/index.php\/wp-json\/wp\/v2\/media\/937"}],"wp:attachment":[{"href":"https:\/\/rotinaspiscinas.pt\/index.php\/wp-json\/wp\/v2\/media?parent=931"}],"curies":[{"name":"wp","href":"https:\/\/api.w.org\/{rel}","templated":true}]}}