{"id":933,"date":"2021-03-14T14:09:42","date_gmt":"2021-03-14T14:09:42","guid":{"rendered":"https:\/\/rotinaspiscinas.pt\/?post_type=product&#038;p=933"},"modified":"2021-03-14T14:09:43","modified_gmt":"2021-03-14T14:09:43","slug":"aqualarm","status":"publish","type":"product","link":"https:\/\/rotinaspiscinas.pt\/index.php\/product\/aqualarm\/","title":{"rendered":"Aqualarm"},"content":{"rendered":"<p>F\u00e1cil de instalar e de utilizar<\/p>\n<ul>\n<li>Possui dois modos: modo de espera para nadar e modo sensor.<br \/>\nNo modo de espera, quando quer nadar, basta apenas marcar o seu c\u00f3digo no teclado num\u00e9rico. Para uma maior seguran\u00e7a, no modo sensor, o sistema reativa- se depois do ultimo banhista sair da piscina.<\/li>\n<li>As sirenes duplas do detetor asseguram que oi\u00e7a o alarme da piscina.<\/li>\n<li>O Aqualarm integra-se perfeitamente no ambiente da sua piscina e n\u00e3o altera a sua harmonia.<\/li>\n<\/ul>\n<p>O alarme Aqualarm deteta quedas na piscina 24h por dia, 7 dias por semana.<\/p>\n<p>Gra\u00e7as \u00e0s \u00faltimas tecnologias de microprocessadores, o Aqualarm analisa permanentemente as ondas da sua piscina.<\/p>\n<p>Qualquer que seja o equipamento da sua piscina e as condi\u00e7\u00f5es atmosf\u00e9ricas (vento, chuva,etc), o seu software utiliza as mais modernas tecnologias para evitar falsos alarmes.<\/p>\n<p>O alarme n\u00e3o substitui em caso algum a vigil\u00e2ncia de um adulto respons\u00e1vel.<\/p>\n","protected":false},"excerpt":{"rendered":"<p>F\u00e1cil de instalar e de utilizar Possui dois modos: modo [&hellip;]<\/p>\n","protected":false},"featured_media":935,"template":"","meta":[],"_links":{"self":[{"href":"https:\/\/rotinaspiscinas.pt\/index.php\/wp-json\/wp\/v2\/product\/933"}],"collection":[{"href":"https:\/\/rotinaspiscinas.pt\/index.php\/wp-json\/wp\/v2\/product"}],"about":[{"href":"https:\/\/rotinaspiscinas.pt\/index.php\/wp-json\/wp\/v2\/types\/product"}],"wp:featuredmedia":[{"embeddable":true,"href":"https:\/\/rotinaspiscinas.pt\/index.php\/wp-json\/wp\/v2\/media\/935"}],"wp:attachment":[{"href":"https:\/\/rotinaspiscinas.pt\/index.php\/wp-json\/wp\/v2\/media?parent=933"}],"curies":[{"name":"wp","href":"https:\/\/api.w.org\/{rel}","templated":true}]}}