{"id":947,"date":"2021-03-14T14:15:08","date_gmt":"2021-03-14T14:15:08","guid":{"rendered":"https:\/\/rotinaspiscinas.pt\/?post_type=product&#038;p=947"},"modified":"2021-03-14T14:15:08","modified_gmt":"2021-03-14T14:15:08","slug":"escada-partida","status":"publish","type":"product","link":"https:\/\/rotinaspiscinas.pt\/index.php\/product\/escada-partida\/","title":{"rendered":"Escada PARTIDA"},"content":{"rendered":"<p>Escadas para piscinas, constru\u00eddas em tubo \u00d8 43, em a\u00e7o inoxid\u00e1vel polido brilhante 18\/8.<\/p>\n<ul>\n<li>Degraus antiderrapantes AISI 316.<\/li>\n<li>Inclui batentes e \u00e2ncoras de fixa\u00e7\u00e3o<\/li>\n<\/ul>\n","protected":false},"excerpt":{"rendered":"<p>Escadas para piscinas, constru\u00eddas em tubo \u00d8 43, em a\u00e7o [&hellip;]<\/p>\n","protected":false},"featured_media":952,"template":"","meta":[],"_links":{"self":[{"href":"https:\/\/rotinaspiscinas.pt\/index.php\/wp-json\/wp\/v2\/product\/947"}],"collection":[{"href":"https:\/\/rotinaspiscinas.pt\/index.php\/wp-json\/wp\/v2\/product"}],"about":[{"href":"https:\/\/rotinaspiscinas.pt\/index.php\/wp-json\/wp\/v2\/types\/product"}],"wp:featuredmedia":[{"embeddable":true,"href":"https:\/\/rotinaspiscinas.pt\/index.php\/wp-json\/wp\/v2\/media\/952"}],"wp:attachment":[{"href":"https:\/\/rotinaspiscinas.pt\/index.php\/wp-json\/wp\/v2\/media?parent=947"}],"curies":[{"name":"wp","href":"https:\/\/api.w.org\/{rel}","templated":true}]}}