{"id":953,"date":"2021-03-14T14:16:40","date_gmt":"2021-03-14T14:16:40","guid":{"rendered":"https:\/\/rotinaspiscinas.pt\/?post_type=product&#038;p=953"},"modified":"2021-03-14T14:16:41","modified_gmt":"2021-03-14T14:16:41","slug":"corrimao-de-2-curvas-para-encastrar","status":"publish","type":"product","link":"https:\/\/rotinaspiscinas.pt\/index.php\/product\/corrimao-de-2-curvas-para-encastrar\/","title":{"rendered":"Corrim\u00e3o de 2 curvas para encastrar"},"content":{"rendered":"<p>Corrim\u00e3o em A\u00e7o Inoxid\u00e1vel polido brilhante 18\/8 e AISI 316<\/p>\n","protected":false},"excerpt":{"rendered":"<p>Corrim\u00e3o em A\u00e7o Inoxid\u00e1vel polido brilhante 18\/8 e AISI 316<\/p>\n","protected":false},"featured_media":958,"template":"","meta":[],"_links":{"self":[{"href":"https:\/\/rotinaspiscinas.pt\/index.php\/wp-json\/wp\/v2\/product\/953"}],"collection":[{"href":"https:\/\/rotinaspiscinas.pt\/index.php\/wp-json\/wp\/v2\/product"}],"about":[{"href":"https:\/\/rotinaspiscinas.pt\/index.php\/wp-json\/wp\/v2\/types\/product"}],"wp:featuredmedia":[{"embeddable":true,"href":"https:\/\/rotinaspiscinas.pt\/index.php\/wp-json\/wp\/v2\/media\/958"}],"wp:attachment":[{"href":"https:\/\/rotinaspiscinas.pt\/index.php\/wp-json\/wp\/v2\/media?parent=953"}],"curies":[{"name":"wp","href":"https:\/\/api.w.org\/{rel}","templated":true}]}}