{"id":959,"date":"2021-03-14T14:17:59","date_gmt":"2021-03-14T14:17:59","guid":{"rendered":"https:\/\/rotinaspiscinas.pt\/?post_type=product&#038;p=959"},"modified":"2021-03-14T14:17:59","modified_gmt":"2021-03-14T14:17:59","slug":"corrimao-para-spa","status":"publish","type":"product","link":"https:\/\/rotinaspiscinas.pt\/index.php\/product\/corrimao-para-spa\/","title":{"rendered":"Corrim\u00e3o para SPA"},"content":{"rendered":"<p>Corrim\u00e3o em A\u00e7o Inoxid\u00e1vel polido brilhante 18\/8 e AISI 316.<\/p>\n","protected":false},"excerpt":{"rendered":"<p>Corrim\u00e3o em A\u00e7o Inoxid\u00e1vel polido brilhante 18\/8 e AISI 316.<\/p>\n","protected":false},"featured_media":962,"template":"","meta":[],"_links":{"self":[{"href":"https:\/\/rotinaspiscinas.pt\/index.php\/wp-json\/wp\/v2\/product\/959"}],"collection":[{"href":"https:\/\/rotinaspiscinas.pt\/index.php\/wp-json\/wp\/v2\/product"}],"about":[{"href":"https:\/\/rotinaspiscinas.pt\/index.php\/wp-json\/wp\/v2\/types\/product"}],"wp:featuredmedia":[{"embeddable":true,"href":"https:\/\/rotinaspiscinas.pt\/index.php\/wp-json\/wp\/v2\/media\/962"}],"wp:attachment":[{"href":"https:\/\/rotinaspiscinas.pt\/index.php\/wp-json\/wp\/v2\/media?parent=959"}],"curies":[{"name":"wp","href":"https:\/\/api.w.org\/{rel}","templated":true}]}}