{"id":967,"date":"2021-03-14T14:20:48","date_gmt":"2021-03-14T14:20:48","guid":{"rendered":"https:\/\/rotinaspiscinas.pt\/?post_type=product&#038;p=967"},"modified":"2021-03-14T14:20:48","modified_gmt":"2021-03-14T14:20:48","slug":"triva-o-seu-parceiro-de-treino","status":"publish","type":"product","link":"https:\/\/rotinaspiscinas.pt\/index.php\/product\/triva-o-seu-parceiro-de-treino\/","title":{"rendered":"Triva &#8211; O seu parceiro de treino"},"content":{"rendered":"<p>O sistema de contra-corrente TriVa foi desenhado para quem quer nadar ao mais alto n\u00edvel.<\/p>\n<p>O sistema de contra-corrente TriVa foi desenhado com a ambi\u00e7\u00e3o do que os atletas t\u00eam em mente. Gra\u00e7as \u00e0 inovadora tecnologia \u2018\u2019FLAT\u2019\u2019, o TriVa cria uma corrente plana e potente por baixo da linha de \u00e1gua. Diretamente na dire\u00e7\u00e3o do peito e ombros, mesmo onde os atletas necessitam de resist\u00eancia. Tr\u00eas vers\u00f5es dispon\u00edveis de 75, 150 e 225 m3\/h.<br \/>\nNas vers\u00f5es de 150 e 225 m3\/h a pot\u00eancia de sa\u00edda pode ser elecionada a partir do bot\u00e3o piezo luminoso.<\/p>\n","protected":false},"excerpt":{"rendered":"<p>O sistema de contra-corrente TriVa foi desenhado para quem quer [&hellip;]<\/p>\n","protected":false},"featured_media":971,"template":"","meta":[],"_links":{"self":[{"href":"https:\/\/rotinaspiscinas.pt\/index.php\/wp-json\/wp\/v2\/product\/967"}],"collection":[{"href":"https:\/\/rotinaspiscinas.pt\/index.php\/wp-json\/wp\/v2\/product"}],"about":[{"href":"https:\/\/rotinaspiscinas.pt\/index.php\/wp-json\/wp\/v2\/types\/product"}],"wp:featuredmedia":[{"embeddable":true,"href":"https:\/\/rotinaspiscinas.pt\/index.php\/wp-json\/wp\/v2\/media\/971"}],"wp:attachment":[{"href":"https:\/\/rotinaspiscinas.pt\/index.php\/wp-json\/wp\/v2\/media?parent=967"}],"curies":[{"name":"wp","href":"https:\/\/api.w.org\/{rel}","templated":true}]}}