{"id":968,"date":"2021-03-14T14:20:50","date_gmt":"2021-03-14T14:20:50","guid":{"rendered":"https:\/\/rotinaspiscinas.pt\/?post_type=product&#038;p=968"},"modified":"2021-03-14T14:20:51","modified_gmt":"2021-03-14T14:20:51","slug":"puro-compact-inox-com-botao-piezo","status":"publish","type":"product","link":"https:\/\/rotinaspiscinas.pt\/index.php\/product\/puro-compact-inox-com-botao-piezo\/","title":{"rendered":"Puro Compact Inox com bot\u00e3o piezo"},"content":{"rendered":"<p>O sistema de contra corrente simples com tecnologia de fluxo plano \u00e9 uma solu\u00e7\u00e3o de tudo em um: jato, bot\u00e3o piezo e sistema de suc\u00e7\u00e3o numa \u00fanica unidade.<\/p>\n<ul>\n<li>Grelha de suc\u00e7\u00e3o integrada.<\/li>\n<li>Bot\u00e3o piezo integrado.<\/li>\n<li>Fluxo aprox. 65m3.<\/li>\n<li>Sem mistura de ar.<\/li>\n<li>Painel em a\u00e7o inox polido, de grande qualidade.<\/li>\n<li>Dimens\u00f5es: 300x500x20 mm.<\/li>\n<li>Buchas de parede dispon\u00edveis em ABS ou a\u00e7o inoxid\u00e1vel.<\/li>\n<li>Evita remoinhos na \u00e1gua.<\/li>\n<li>Muito silencioso.<\/li>\n<\/ul>\n","protected":false},"excerpt":{"rendered":"<p>O sistema de contra corrente simples com tecnologia de fluxo [&hellip;]<\/p>\n","protected":false},"featured_media":972,"template":"","meta":[],"_links":{"self":[{"href":"https:\/\/rotinaspiscinas.pt\/index.php\/wp-json\/wp\/v2\/product\/968"}],"collection":[{"href":"https:\/\/rotinaspiscinas.pt\/index.php\/wp-json\/wp\/v2\/product"}],"about":[{"href":"https:\/\/rotinaspiscinas.pt\/index.php\/wp-json\/wp\/v2\/types\/product"}],"wp:featuredmedia":[{"embeddable":true,"href":"https:\/\/rotinaspiscinas.pt\/index.php\/wp-json\/wp\/v2\/media\/972"}],"wp:attachment":[{"href":"https:\/\/rotinaspiscinas.pt\/index.php\/wp-json\/wp\/v2\/media?parent=968"}],"curies":[{"name":"wp","href":"https:\/\/api.w.org\/{rel}","templated":true}]}}