{"id":984,"date":"2021-03-14T14:25:52","date_gmt":"2021-03-14T14:25:52","guid":{"rendered":"https:\/\/rotinaspiscinas.pt\/?post_type=product&#038;p=984"},"modified":"2021-03-14T14:25:53","modified_gmt":"2021-03-14T14:25:53","slug":"jetstream-lidobloc","status":"publish","type":"product","link":"https:\/\/rotinaspiscinas.pt\/index.php\/product\/jetstream-lidobloc\/","title":{"rendered":"Jetstream LIDOBLOC"},"content":{"rendered":"<p>Novo sistema de relaxamento p\u00f3s treino.<br \/>\nDez saidas permitem uma massagem nas costas muito poderosa. Com o bot\u00e3o JetStream PIEZO integrado e a tampa feita de a\u00e7o inoxid\u00e1vel polido de alto brilho o LIDOBLOC tem um visual modermo e de simples utiliza\u00e7\u00e3o.podem ser quadrados ou redondos.<\/p>\n","protected":false},"excerpt":{"rendered":"<p>Novo sistema de relaxamento p\u00f3s treino. Dez saidas permitem uma [&hellip;]<\/p>\n","protected":false},"featured_media":988,"template":"","meta":[],"_links":{"self":[{"href":"https:\/\/rotinaspiscinas.pt\/index.php\/wp-json\/wp\/v2\/product\/984"}],"collection":[{"href":"https:\/\/rotinaspiscinas.pt\/index.php\/wp-json\/wp\/v2\/product"}],"about":[{"href":"https:\/\/rotinaspiscinas.pt\/index.php\/wp-json\/wp\/v2\/types\/product"}],"wp:featuredmedia":[{"embeddable":true,"href":"https:\/\/rotinaspiscinas.pt\/index.php\/wp-json\/wp\/v2\/media\/988"}],"wp:attachment":[{"href":"https:\/\/rotinaspiscinas.pt\/index.php\/wp-json\/wp\/v2\/media?parent=984"}],"curies":[{"name":"wp","href":"https:\/\/api.w.org\/{rel}","templated":true}]}}