{"id":990,"date":"2021-03-14T14:27:16","date_gmt":"2021-03-14T14:27:16","guid":{"rendered":"https:\/\/rotinaspiscinas.pt\/?post_type=product&#038;p=990"},"modified":"2021-03-14T14:27:16","modified_gmt":"2021-03-14T14:27:16","slug":"effervescence-solo-em-abs","status":"publish","type":"product","link":"https:\/\/rotinaspiscinas.pt\/index.php\/product\/effervescence-solo-em-abs\/","title":{"rendered":"EFFERVESCENCE SOLO EM ABS"},"content":{"rendered":"<h4>Este produto pode ser instalado em qualquer espa\u00e7o na piscina: fundo, degraus, spas, etc. Effervescence liberta bolhas de ar quente por forma a proporcionar relaxamento e uma sensa\u00e7\u00e3o de bem-estar.<\/h4>\n<ul>\n<li>Instalado horizontalmente para garantir uma difus\u00e3o eficiente das bolhas.<\/li>\n<li>Pode ser integrado em qualquer espa\u00e7o na piscina.<\/li>\n<li>Dimens\u00f5es: 48 x 22 cm<\/li>\n<li>Perfeitamente plano, sem qualquer sali\u00eancia mesmo quando utilizado com liner.<\/li>\n<li>Ajuste f\u00e1cil de altura para selar, usando 2 orif\u00edcios de \u00d8 50 mm.<\/li>\n<li>O compressor opera pressionando um bot\u00e3o de controlo pneum\u00e1tico.<\/li>\n<li>Os materiais utilizados proporcionam um produto de qualidade feito para durar.<\/li>\n<li>O kit Effervescence inclui: placa de ar + quadro el\u00e9trico + compressor 400 W + aquecimento 180 W + bot\u00e3o pneum\u00e1tico + 2 v\u00e1lvulas anti-retorno.<\/li>\n<\/ul>\n","protected":false},"excerpt":{"rendered":"<p>Este produto pode ser instalado em qualquer espa\u00e7o na piscina: [&hellip;]<\/p>\n","protected":false},"featured_media":994,"template":"","meta":[],"_links":{"self":[{"href":"https:\/\/rotinaspiscinas.pt\/index.php\/wp-json\/wp\/v2\/product\/990"}],"collection":[{"href":"https:\/\/rotinaspiscinas.pt\/index.php\/wp-json\/wp\/v2\/product"}],"about":[{"href":"https:\/\/rotinaspiscinas.pt\/index.php\/wp-json\/wp\/v2\/types\/product"}],"wp:featuredmedia":[{"embeddable":true,"href":"https:\/\/rotinaspiscinas.pt\/index.php\/wp-json\/wp\/v2\/media\/994"}],"wp:attachment":[{"href":"https:\/\/rotinaspiscinas.pt\/index.php\/wp-json\/wp\/v2\/media?parent=990"}],"curies":[{"name":"wp","href":"https:\/\/api.w.org\/{rel}","templated":true}]}}