{"id":993,"date":"2021-03-14T14:29:43","date_gmt":"2021-03-14T14:29:43","guid":{"rendered":"https:\/\/rotinaspiscinas.pt\/?post_type=product&#038;p=993"},"modified":"2021-03-14T14:29:43","modified_gmt":"2021-03-14T14:29:43","slug":"cabina-de-neve","status":"publish","type":"product","link":"https:\/\/rotinaspiscinas.pt\/index.php\/product\/cabina-de-neve\/","title":{"rendered":"Cabina de Neve"},"content":{"rendered":"<ul>\n<li>Terapia de contraste de luxo, sensa\u00e7\u00e3o extraordin\u00e1ria,<br \/>\nsem choque t\u00e9rmico, experi\u00eancia na neve, surpreenda os utilizadores convidados com algo especial que eles n\u00e3o esperam.<\/li>\n<li>Uma verdadeira inova\u00e7ao e diferencia\u00e7ao, um elemento<br \/>\ninovador e diferenciador que destaca qualquer instala\u00e7\u00e3o.<\/li>\n<li>Um fator de n\u00e9gocio, sendo um recurso de valor acrescentado<br \/>\nque torna o hotel\/gin\u00e1sio\/spa mais atraente e exclusivo<br \/>\npromovendo a taxa de ocupa\u00e7\u00e3o.<\/li>\n<li>Beneficios para a saude, muitos efeitos positivos no<br \/>\nbem-estar, relaxamento, al\u00edvio do stresse, metabolismo e sistema imunol\u00f3gico.<br \/>\nUma maneira atraente de se refrescar ap\u00f3s a sauna, sem choque t\u00e9rmico para o corpo.<\/li>\n<\/ul>\n<p>&nbsp;<\/p>\n<p><strong>Vantagens da cabine de neve<\/strong><\/p>\n<ul>\n<li>Espa\u00e7o de arrefecimento inovador ap\u00f3s a sauna quente<\/li>\n<\/ul>\n<p>Atraente e exclusiva, indicada para hot\u00e9is de segmenta\u00e7\u00e3o elevada,<br \/>\ngrupos de gin\u00e1sios, centros fitness e instala\u00e7\u00f5es de spa<\/p>\n<ul>\n<li>\u00c9 \u00f3timo e tem muitos benef\u00edcios para a sa\u00fade<\/li>\n<\/ul>\n<p>Interc\u00e2mbio de quente e frio<br \/>\nFrio imersivo para todo o corpo<br \/>\nFrio seco para o bem-estar, sem choque de temperatura<br \/>\nNeve como experi\u00eancia<\/p>\n","protected":false},"excerpt":{"rendered":"<p>Terapia de contraste de luxo, sensa\u00e7\u00e3o extraordin\u00e1ria, sem choque t\u00e9rmico, [&hellip;]<\/p>\n","protected":false},"featured_media":998,"template":"","meta":[],"_links":{"self":[{"href":"https:\/\/rotinaspiscinas.pt\/index.php\/wp-json\/wp\/v2\/product\/993"}],"collection":[{"href":"https:\/\/rotinaspiscinas.pt\/index.php\/wp-json\/wp\/v2\/product"}],"about":[{"href":"https:\/\/rotinaspiscinas.pt\/index.php\/wp-json\/wp\/v2\/types\/product"}],"wp:featuredmedia":[{"embeddable":true,"href":"https:\/\/rotinaspiscinas.pt\/index.php\/wp-json\/wp\/v2\/media\/998"}],"wp:attachment":[{"href":"https:\/\/rotinaspiscinas.pt\/index.php\/wp-json\/wp\/v2\/media?parent=993"}],"curies":[{"name":"wp","href":"https:\/\/api.w.org\/{rel}","templated":true}]}}