{"id":995,"date":"2021-03-14T14:29:24","date_gmt":"2021-03-14T14:29:24","guid":{"rendered":"https:\/\/rotinaspiscinas.pt\/?post_type=product&#038;p=995"},"modified":"2021-03-14T14:37:56","modified_gmt":"2021-03-14T14:37:56","slug":"tanque-de-crioterapia","status":"publish","type":"product","link":"https:\/\/rotinaspiscinas.pt\/index.php\/product\/tanque-de-crioterapia\/","title":{"rendered":"Tanque de Crioterapia"},"content":{"rendered":"<ul>\n<li>O tanque de crioterapia segue os princ\u00edpios da terapia fria, que hoje em dia tem uma grande popularidade. Mesmo depois de um exerc\u00edcio fisicamente exigente, de uma sauna ou de um dia atarefado, \u00e9 o banho de arrefecimento mais eficaz. Uma mudan\u00e7a repentina da temperatura \u00e9 ben\u00e9fica para quem tem problemas circulat\u00f3rios e cardiorrespirat\u00f3rios.<\/li>\n<li>Os efeitos positivos da terapia de constraste com frio s\u00e3o evidentes tanto no desporto profissional como na pr\u00e1tica de desporto de lazer. Melhora o desempenho e promove processos regenerativos. Recomendamos o uso de terapia fria ap\u00f3s uma sess\u00e3o de treino intensivo para ajudar a evitar dores musculares ou para al\u00edvio de uma dor existente.<\/li>\n<li>A descida s\u00fabita da temperatura reduz o risco de inflama\u00e7\u00e3o, promove a dispers\u00e3o da dor e alivia as dores no corpo. Tem um potencial enorme para atletas e n\u00e3o s\u00f3. Se usado antes do exerc\u00edcio f\u00edsico pode ter um benef\u00edcio positivo no desempenho a curto prazo.<\/li>\n<li>Os in\u00fameros benef\u00edcios da terapia fria s\u00e3o aparentes logo ap\u00f3s seu uso e mais tarde, durante o processo da reabilita\u00e7\u00e3o.<\/li>\n<\/ul>\n","protected":false},"excerpt":{"rendered":"<p>O tanque de crioterapia segue os princ\u00edpios da terapia fria, [&hellip;]<\/p>\n","protected":false},"featured_media":999,"template":"","meta":[],"_links":{"self":[{"href":"https:\/\/rotinaspiscinas.pt\/index.php\/wp-json\/wp\/v2\/product\/995"}],"collection":[{"href":"https:\/\/rotinaspiscinas.pt\/index.php\/wp-json\/wp\/v2\/product"}],"about":[{"href":"https:\/\/rotinaspiscinas.pt\/index.php\/wp-json\/wp\/v2\/types\/product"}],"wp:featuredmedia":[{"embeddable":true,"href":"https:\/\/rotinaspiscinas.pt\/index.php\/wp-json\/wp\/v2\/media\/999"}],"wp:attachment":[{"href":"https:\/\/rotinaspiscinas.pt\/index.php\/wp-json\/wp\/v2\/media?parent=995"}],"curies":[{"name":"wp","href":"https:\/\/api.w.org\/{rel}","templated":true}]}}