{"id":996,"date":"2021-03-14T14:29:51","date_gmt":"2021-03-14T14:29:51","guid":{"rendered":"https:\/\/rotinaspiscinas.pt\/?post_type=product&#038;p=996"},"modified":"2021-03-14T14:38:02","modified_gmt":"2021-03-14T14:38:02","slug":"fonte-de-gelo","status":"publish","type":"product","link":"https:\/\/rotinaspiscinas.pt\/index.php\/product\/fonte-de-gelo\/","title":{"rendered":"Fonte de Gelo"},"content":{"rendered":"<p>Equipamento de produ\u00e7\u00e3o de gelo para aplica\u00e7\u00e3o sobre a pele proporcionando um contraste localizado e divertido.<br \/>\nBeneficie dos efeitos das terapias de contraste t\u00e9rmico<\/p>\n<ul>\n<li>Capacidade de 200 kg\/dia, refrigerada por ar.<\/li>\n<li>Consumo \u00e1gua de 6,5 l\/h.<\/li>\n<li>Medidas: 560x530x525 mm<\/li>\n<li>Potencia: 760 W<\/li>\n<\/ul>\n","protected":false},"excerpt":{"rendered":"<p>Equipamento de produ\u00e7\u00e3o de gelo para aplica\u00e7\u00e3o sobre a pele [&hellip;]<\/p>\n","protected":false},"featured_media":1000,"template":"","meta":[],"_links":{"self":[{"href":"https:\/\/rotinaspiscinas.pt\/index.php\/wp-json\/wp\/v2\/product\/996"}],"collection":[{"href":"https:\/\/rotinaspiscinas.pt\/index.php\/wp-json\/wp\/v2\/product"}],"about":[{"href":"https:\/\/rotinaspiscinas.pt\/index.php\/wp-json\/wp\/v2\/types\/product"}],"wp:featuredmedia":[{"embeddable":true,"href":"https:\/\/rotinaspiscinas.pt\/index.php\/wp-json\/wp\/v2\/media\/1000"}],"wp:attachment":[{"href":"https:\/\/rotinaspiscinas.pt\/index.php\/wp-json\/wp\/v2\/media?parent=996"}],"curies":[{"name":"wp","href":"https:\/\/api.w.org\/{rel}","templated":true}]}}