{"id":997,"date":"2021-03-14T14:29:51","date_gmt":"2021-03-14T14:29:51","guid":{"rendered":"https:\/\/rotinaspiscinas.pt\/?post_type=product&#038;p=997"},"modified":"2021-03-14T14:29:51","modified_gmt":"2021-03-14T14:29:51","slug":"balde-contraste","status":"publish","type":"product","link":"https:\/\/rotinaspiscinas.pt\/index.php\/product\/balde-contraste\/","title":{"rendered":"Balde Contraste"},"content":{"rendered":"<p>Balde de enchimento autom\u00e1tico que proporciona uma terapia de contraste \u00fanica. O choque t\u00e9rmico ajuda a circula\u00e7\u00e3o sangu\u00ednea e o sistema imunit\u00e1rio, ajuda tamb\u00e9m numa melhor recupera\u00e7\u00e3o p\u00f3s-treino. Permite liga\u00e7\u00e3o de \u00e1gua quente e fria ou apenas fria.<\/p>\n","protected":false},"excerpt":{"rendered":"<p>Balde de enchimento autom\u00e1tico que proporciona uma terapia de contraste [&hellip;]<\/p>\n","protected":false},"featured_media":1001,"template":"","meta":[],"_links":{"self":[{"href":"https:\/\/rotinaspiscinas.pt\/index.php\/wp-json\/wp\/v2\/product\/997"}],"collection":[{"href":"https:\/\/rotinaspiscinas.pt\/index.php\/wp-json\/wp\/v2\/product"}],"about":[{"href":"https:\/\/rotinaspiscinas.pt\/index.php\/wp-json\/wp\/v2\/types\/product"}],"wp:featuredmedia":[{"embeddable":true,"href":"https:\/\/rotinaspiscinas.pt\/index.php\/wp-json\/wp\/v2\/media\/1001"}],"wp:attachment":[{"href":"https:\/\/rotinaspiscinas.pt\/index.php\/wp-json\/wp\/v2\/media?parent=997"}],"curies":[{"name":"wp","href":"https:\/\/api.w.org\/{rel}","templated":true}]}}